{"id":451,"date":"2023-08-24T08:46:45","date_gmt":"2023-08-24T08:46:45","guid":{"rendered":"https:\/\/www.certificadomanipulador.es\/?page_id=451"},"modified":"2023-08-24T09:57:23","modified_gmt":"2023-08-24T09:57:23","slug":"declaracion-de-accesibilidad","status":"publish","type":"page","link":"https:\/\/certificadomanipulador.es\/en\/declaracion-de-accesibilidad\/","title":{"rendered":"Declaraci\u00f3n de accesibilidad"},"content":{"rendered":"<p>Estamos comprometidos a hacer accesible nuestro sitio web de conformidad con el Real Decreto 1112\/2018, de 7 de septiembre , sobre accesibilidad de los sitios web y aplicaciones para dispositivos m\u00f3viles del sector p\u00fablico (en adelante, Real Decreto 1112\/2018, de 7 de septiembre).<br \/>\nSituaci\u00f3n de cumplimiento<br \/>\nEste sitio web es parcialmente conforme con el Real Decreto 1112\/2018, de 7 de septiembre, debido a la falta de conformidad de los aspectos que se indican a continuaci\u00f3n.<br \/>\nContenido no accesible<br \/>\nEl contenido que se recoge a continuaci\u00f3n no es accesible por lo siguiente:<br \/>\n1.\u00a0 \u00a0 \u00a0 Falta de conformidad con el Real Decreto 1112\/2018, de 7 de septiembre: podr\u00edan existir fallos puntuales de edici\u00f3n en alguna p\u00e1gina web, tanto en contenidos HTML como en documentos finales, publicados en fecha posterior al 20 de septiembre de 2018 (fecha de entrada en vigor del Real Decreto 1112\/2018, de 7 de septiembre). Concretamente puede haber errores en aquellos documentos que contienen gr\u00e1ficos, tablas complejas o en aquellos firmados electr\u00f3nicamente antes de su revisi\u00f3n de accesibilidad.<br \/>\n2.\u00a0 \u00a0 \u00a0 Carga desproporcionada: no aplica.<br \/>\n3.\u00a0 \u00a0 \u00a0 El contenido no entra dentro del \u00e1mbito de la legislaci\u00f3n aplicable: Existen archivos ofim\u00e1ticos en PDF u otros formatos publicados antes del 20 de septiembre de 2018 que no cumplen en su totalidad todos los requisitos de accesibilidad; tambi\u00e9n pueden estar en esa situaci\u00f3n contenidos de terceros no financiados, ni desarrollados, ni bajo el control de este Ministerio.<\/p>\n<p>Preparaci\u00f3n de la presente declaraci\u00f3n de accesibilidad<br \/>\nLa presente declaraci\u00f3n fue preparada el 2023-06-12<br \/>\nEl m\u00e9todo empleado para preparar la declaraci\u00f3n ha sido una autoevaluaci\u00f3n llevada a cabo por la propia empresa.<br \/>\nObservaciones y datos de contacto<br \/>\nPuede realizar comunicaciones sobre requisitos de accesibilidad (art\u00edculo 10.2.a) del Real Decreto 1112\/2018, de 7 de septiembre) como, por ejemplo:<br \/>\n\u2022\u00a0 \u00a0 \u00a0 \u00a0Informar sobre cualquier posible incumplimiento por parte de este sitio web.<br \/>\n\u2022\u00a0 \u00a0 \u00a0 \u00a0Transmitir otras dificultades de acceso al contenido.<br \/>\n\u2022\u00a0 \u00a0 \u00a0 \u00a0Formular cualquier otra consulta o sugerencia de mejora relativa a la accesibilidad del sitio web.<\/p>\n<p>A trav\u00e9s de las siguientes v\u00edas:<br \/>\n\u2022\u00a0 \u00a0 \u00a0 \u00a0Correo electr\u00f3nico:\u00a0<a href=\"mailto:siscop@siscop.es\" target=\"_blank\" rel=\"noopener\"><span class=\"il\">siscop<\/span>@<span class=\"il\">siscop<\/span>.es<\/a><br \/>\n\u2022\u00a0 \u00a0 \u00a0 \u00a0Tel\u00e9fono:<\/p>\n<p>Las comunicaciones ser\u00e1n recibidas y tratadas por la direcci\u00f3n de la empresa, como unidad responsable de los contenidos de este sitio web.<br \/>\nContenido opcional<br \/>\nLa versi\u00f3n actualmente visible de este sitio web es de 2023-06-12y en esa fecha se hizo la revisi\u00f3n del nivel de accesibilidad vigente en el momento.<br \/>\nA partir de dicha fecha se llevan a cabo revisiones parciales diarias del contenido web nuevo o modificado, tanto de las plantillas como de las p\u00e1ginas y documentos finales publicados, a fin de asegurar el cumplimiento de los requerimientos de accesibilidad de la Norma UNE-EN 301549:2019, considerando las excepciones del Real Decreto 1112\/2018, de 7 de septiembre.<br \/>\nEntre otras se adoptan las siguientes medidas para facilitar la accesibilidad:<br \/>\n\u2022\u00a0 \u00a0 \u00a0 \u00a0Utilizaci\u00f3n de texto alternativo en las im\u00e1genes<br \/>\n\u2022\u00a0 \u00a0 \u00a0 \u00a0Los enlaces ofrecen detalles de la funci\u00f3n o destino del hiperv\u00ednculo<br \/>\n\u2022\u00a0 \u00a0 \u00a0 \u00a0Uso de los est\u00e1ndares del W3C: XHTML 1.0, CSS 3.0, WAI AA.<\/p>\n<div class=\"yj6qo\"><\/div>","protected":false},"excerpt":{"rendered":"<p>Estamos comprometidos a hacer accesible nuestro sitio web de conformidad con el Real Decreto 1112\/2018, de 7 de septiembre , sobre accesibilidad de los sitios web y aplicaciones para dispositivos m\u00f3viles del sector p\u00fablico (en adelante, Real Decreto 1112\/2018, de 7 de septiembre). Situaci\u00f3n de cumplimiento Este sitio web es parcialmente conforme con el Real [&hellip;]<\/p>\n","protected":false},"author":1,"featured_media":0,"parent":0,"menu_order":0,"comment_status":"closed","ping_status":"closed","template":"","meta":{"footnotes":""},"class_list":["post-451","page","type-page","status-publish","hentry"],"_links":{"self":[{"href":"https:\/\/certificadomanipulador.es\/en\/wp-json\/wp\/v2\/pages\/451","targetHints":{"allow":["GET"]}}],"collection":[{"href":"https:\/\/certificadomanipulador.es\/en\/wp-json\/wp\/v2\/pages"}],"about":[{"href":"https:\/\/certificadomanipulador.es\/en\/wp-json\/wp\/v2\/types\/page"}],"author":[{"embeddable":true,"href":"https:\/\/certificadomanipulador.es\/en\/wp-json\/wp\/v2\/users\/1"}],"replies":[{"embeddable":true,"href":"https:\/\/certificadomanipulador.es\/en\/wp-json\/wp\/v2\/comments?post=451"}],"version-history":[{"count":2,"href":"https:\/\/certificadomanipulador.es\/en\/wp-json\/wp\/v2\/pages\/451\/revisions"}],"predecessor-version":[{"id":465,"href":"https:\/\/certificadomanipulador.es\/en\/wp-json\/wp\/v2\/pages\/451\/revisions\/465"}],"wp:attachment":[{"href":"https:\/\/certificadomanipulador.es\/en\/wp-json\/wp\/v2\/media?parent=451"}],"curies":[{"name":"wp","href":"https:\/\/api.w.org\/{rel}","templated":true}]}}